{"id":160,"date":"2026-02-16T20:14:13","date_gmt":"2026-02-16T20:14:13","guid":{"rendered":"https:\/\/vidasilvestre.eu\/?page_id=160"},"modified":"2026-02-16T20:14:13","modified_gmt":"2026-02-16T20:14:13","slug":"quienes-somos","status":"publish","type":"page","link":"https:\/\/vidasilvestre.eu\/ca\/quienes-somos\/","title":{"rendered":"Qui\u00e9nes somos"},"content":{"rendered":"<p>En <strong>Vida Silvestre<\/strong> somos una asociaci\u00f3n comprometida con la protecci\u00f3n, conservaci\u00f3n y divulgaci\u00f3n del medio natural. Nacimos con el prop\u00f3sito de acercar la naturaleza a las personas, fomentar el respeto por el entorno y promover valores de sostenibilidad que contribuyan a un futuro m\u00e1s equilibrado y responsable.<\/p>\n\n\n\n<p>Desarrollamos actividades educativas, culturales y ambientales dirigidas a personas de todas las edades. Organizamos visitas guiadas, talleres, rutas interpretativas y jornadas de sensibilizaci\u00f3n que permiten descubrir la riqueza del patrimonio natural, comprender los ecosistemas y aprender pr\u00e1cticas sostenibles aplicables a la vida cotidiana.<\/p>\n\n\n\n<p>Creemos firmemente en la educaci\u00f3n ambiental como herramienta de transformaci\u00f3n social. Por ello, trabajamos para transmitir a las nuevas generaciones la importancia de cuidar la biodiversidad, valorar los recursos naturales y comprender el equilibrio que sostiene la vida.<\/p>\n\n\n\n<p>Vida Silvestre est\u00e1 formada por personas voluntarias, socias y colaboradoras que comparten una misma visi\u00f3n: proteger la naturaleza y fortalecer el v\u00ednculo entre la sociedad y su entorno. Nuestro compromiso es seguir creando espacios de aprendizaje, participaci\u00f3n y convivencia que impulsen una cultura ambiental m\u00e1s consciente y activa.<\/p>\n\n\n\n<figure class=\"wp-block-image size-full\"><img loading=\"lazy\" decoding=\"async\" width=\"1024\" height=\"576\" src=\"https:\/\/vidasilvestre.eu\/wp-content\/uploads\/2026\/02\/image.png\" alt=\"\" class=\"wp-image-162\" srcset=\"https:\/\/vidasilvestre.eu\/wp-content\/uploads\/2026\/02\/image.png 1024w, https:\/\/vidasilvestre.eu\/wp-content\/uploads\/2026\/02\/image-300x169.png 300w, https:\/\/vidasilvestre.eu\/wp-content\/uploads\/2026\/02\/image-768x432.png 768w\" sizes=\"auto, (max-width: 1024px) 100vw, 1024px\" \/><\/figure>","protected":false},"excerpt":{"rendered":"<p>En Vida Silvestre somos una asociaci\u00f3n comprometida con la protecci\u00f3n, conservaci\u00f3n y divulgaci\u00f3n del medio natural. Nacimos con el prop\u00f3sito de acercar la naturaleza a las personas, fomentar el respeto [&hellip;]<\/p>\n","protected":false},"author":1,"featured_media":0,"parent":0,"menu_order":0,"comment_status":"closed","ping_status":"closed","template":"","meta":{"_price":"","_stock":"","_tribe_ticket_header":"","_tribe_default_ticket_provider":"","_tribe_ticket_capacity":"0","_ticket_start_date":"","_ticket_end_date":"","_tribe_ticket_show_description":"","_tribe_ticket_show_not_going":false,"_tribe_ticket_use_global_stock":"","_tribe_ticket_global_stock_level":"","_global_stock_mode":"","_global_stock_cap":"","_tribe_rsvp_for_event":"","_tribe_ticket_going_count":"","_tribe_ticket_not_going_count":"","_tribe_tickets_list":"[]","_tribe_ticket_has_attendee_info_fields":false,"footnotes":"","_tec_slr_enabled":"","_tec_slr_layout":""},"class_list":["post-160","page","type-page","status-publish","hentry"],"ticketed":false,"_links":{"self":[{"href":"https:\/\/vidasilvestre.eu\/ca\/wp-json\/wp\/v2\/pages\/160","targetHints":{"allow":["GET"]}}],"collection":[{"href":"https:\/\/vidasilvestre.eu\/ca\/wp-json\/wp\/v2\/pages"}],"about":[{"href":"https:\/\/vidasilvestre.eu\/ca\/wp-json\/wp\/v2\/types\/page"}],"author":[{"embeddable":true,"href":"https:\/\/vidasilvestre.eu\/ca\/wp-json\/wp\/v2\/users\/1"}],"replies":[{"embeddable":true,"href":"https:\/\/vidasilvestre.eu\/ca\/wp-json\/wp\/v2\/comments?post=160"}],"version-history":[{"count":1,"href":"https:\/\/vidasilvestre.eu\/ca\/wp-json\/wp\/v2\/pages\/160\/revisions"}],"predecessor-version":[{"id":163,"href":"https:\/\/vidasilvestre.eu\/ca\/wp-json\/wp\/v2\/pages\/160\/revisions\/163"}],"wp:attachment":[{"href":"https:\/\/vidasilvestre.eu\/ca\/wp-json\/wp\/v2\/media?parent=160"}],"curies":[{"name":"wp","href":"https:\/\/api.w.org\/{rel}","templated":true}]}}