{"id":131,"date":"2026-02-16T19:32:01","date_gmt":"2026-02-16T19:32:01","guid":{"rendered":"https:\/\/vidasilvestre.eu\/?page_id=131"},"modified":"2026-02-17T18:44:46","modified_gmt":"2026-02-17T18:44:46","slug":"principal","status":"publish","type":"page","link":"https:\/\/vidasilvestre.eu\/ca\/","title":{"rendered":"Sociedad Cient\u00edfica Vida Silvestre"},"content":{"rendered":"\n<h1 class=\"wp-block-heading\">Actualidad<\/h1>\n\n\n<ul style=\"opacity: 0;\" superb-addons-animation=\"fadeIn\" class=\"wp-block-latest-posts__list has-author wp-block-latest-posts\"><li><a class=\"wp-block-latest-posts__post-title\" href=\"https:\/\/vidasilvestre.eu\/ca\/uncategorized\/pels-camins-de-laigua-ram-reial-sequia-de-moncada\/\">PELS CAMINS DE L\u00b4AIGUA, RAM REIAL S\u00c9QUIA DE MONCADA<\/a><div class=\"wp-block-latest-posts__post-author\">per FRANCISCO JAVIER GARCIA ASES<\/div><div class=\"wp-block-latest-posts__post-excerpt\">Ruta de la Real Acequia de Moncada nos encant\u00f3 escuchar a Ricard y a Valentin. moncadadigital.com\/la-primera-ruta-per-la-reial-sequia-de-moncada-desborda-totes-les-previsions\/?fbclid=IwY2xjawQ3gmFleHRuA2FlbQIxMQBicmlkETFMMVpGN2I4UTJ0b1daMWNRc3J0YwZhcHBfaWQQMjIyMDM5MTc4ODIwMDg5MgABHg6aZeF4vdiehHNBDlFd0_6xJir3thhQlLIxS-b70ZAsraeHGM3IYAcGcZ7P_aem_cYHfglv0_EQD3PIqXdQD9g<\/div><\/li>\n<li><div class=\"wp-block-latest-posts__featured-image\"><a href=\"https:\/\/vidasilvestre.eu\/ca\/uncategorized\/lalumnat-de-moncada-sembra-futur-pel-dia-de-larbre-de-la-comunitat-valenciana\/\" aria-label=\"L\u2019alumnat de Moncada sembra futur pel Dia de l\u2019Arbre de la Comunitat Valenciana\"><img loading=\"lazy\" decoding=\"async\" width=\"300\" height=\"169\" src=\"https:\/\/vidasilvestre.eu\/wp-content\/uploads\/2026\/02\/IMG_20260204_010355-300x169.webp\" class=\"attachment-medium size-medium wp-post-image\" alt=\"\" style=\"\" srcset=\"https:\/\/vidasilvestre.eu\/wp-content\/uploads\/2026\/02\/IMG_20260204_010355-300x169.webp 300w, https:\/\/vidasilvestre.eu\/wp-content\/uploads\/2026\/02\/IMG_20260204_010355-768x431.webp 768w, https:\/\/vidasilvestre.eu\/wp-content\/uploads\/2026\/02\/IMG_20260204_010355.webp 890w\" sizes=\"auto, (max-width: 300px) 100vw, 300px\" \/><\/a><\/div><a class=\"wp-block-latest-posts__post-title\" href=\"https:\/\/vidasilvestre.eu\/ca\/uncategorized\/lalumnat-de-moncada-sembra-futur-pel-dia-de-larbre-de-la-comunitat-valenciana\/\">L\u2019alumnat de Moncada sembra futur pel Dia de l\u2019Arbre de la Comunitat Valenciana<\/a><div class=\"wp-block-latest-posts__post-author\">per FRANCISCO JAVIER GARCIA ASES<\/div><div class=\"wp-block-latest-posts__post-excerpt\">L\u2019Associaci\u00f3 Cient\u00edfica Vida Silvestre de Moncada ha desenvolupat un cicle de tallers escolars de plantaci\u00f3 d\u2019esp\u00e8cies tradicionals als horts educatius del municipi<\/div><\/li>\n<li><div class=\"wp-block-latest-posts__featured-image\"><a href=\"https:\/\/vidasilvestre.eu\/ca\/uncategorized\/visita-educativa-parc-natura-vida-silvestre\/\" aria-label=\"Visita educativa al Parc de la Natura de l\u2019Associaci\u00f3 Cient\u00edfica Vida Silvestre\"><img loading=\"lazy\" decoding=\"async\" width=\"300\" height=\"135\" src=\"https:\/\/vidasilvestre.eu\/wp-content\/uploads\/2025\/10\/62aec9ab-f4ae-4d7a-a45b-e666d3f86783-300x135.jpg\" class=\"attachment-medium size-medium wp-post-image\" alt=\"Visita al Parc de la Natura\" style=\"\" srcset=\"https:\/\/vidasilvestre.eu\/wp-content\/uploads\/2025\/10\/62aec9ab-f4ae-4d7a-a45b-e666d3f86783-300x135.jpg 300w, https:\/\/vidasilvestre.eu\/wp-content\/uploads\/2025\/10\/62aec9ab-f4ae-4d7a-a45b-e666d3f86783-1024x461.jpg 1024w, https:\/\/vidasilvestre.eu\/wp-content\/uploads\/2025\/10\/62aec9ab-f4ae-4d7a-a45b-e666d3f86783-768x345.jpg 768w, https:\/\/vidasilvestre.eu\/wp-content\/uploads\/2025\/10\/62aec9ab-f4ae-4d7a-a45b-e666d3f86783-1536x691.jpg 1536w, https:\/\/vidasilvestre.eu\/wp-content\/uploads\/2025\/10\/62aec9ab-f4ae-4d7a-a45b-e666d3f86783.jpg 2048w\" sizes=\"auto, (max-width: 300px) 100vw, 300px\" \/><\/a><\/div><a class=\"wp-block-latest-posts__post-title\" href=\"https:\/\/vidasilvestre.eu\/ca\/uncategorized\/visita-educativa-parc-natura-vida-silvestre\/\">Visita educativa al Parc de la Natura de l\u2019Associaci\u00f3 Cient\u00edfica Vida Silvestre<\/a><div class=\"wp-block-latest-posts__post-author\">per FRANCISCO JAVIER GARCIA ASES<\/div><div class=\"wp-block-latest-posts__post-excerpt\">L\u2019associaci\u00f3 Vida Silvestre va celebrar el dia de l\u2019arbre amb una visita educativa al seu Parc de la Natura, en una jornada que va reunir socis, simpatitzants i amics en una experi\u00e8ncia de conviv\u00e8ncia, aprenentatge i contacte directe amb el medi natural. <\/div><\/li>\n<\/ul>\n\n\n<hr class=\"wp-block-separator has-text-color has-black-color has-alpha-channel-opacity has-black-background-color has-background is-style-wide\"\/>\n\n\n\n<h1 class=\"wp-block-heading\">Pr\u00f3ximos eventos<\/h1>\n\n\n\n<div  class=\"tribe-compatibility-container\" >\n\t<div\n\t\t class=\"tribe-common tribe-events tribe-events-view tribe-events-view--widget-events-list tribe-events-widget\" \t\tdata-js=\"tribe-events-view\"\n\t\tdata-view-rest-url=\"https:\/\/vidasilvestre.eu\/ca\/wp-json\/tribe\/views\/v2\/html\"\n\t\tdata-view-manage-url=\"1\"\n\t\t\t\t\t\t\tdata-view-breakpoint-pointer=\"00e7d8db-450a-4d48-9b08-338fb9795c15\"\n\t\t\t>\n\t\t<div class=\"tribe-events-widget-events-list\">\n\n\t\t\t<script type=\"application\/ld+json\">\r\n[{\"@context\":\"http:\/\/schema.org\",\"@type\":\"Event\",\"name\":\"Taller: Aprendiendo a elaborar jab\\u00f3n natural\",\"description\":\"&lt;p&gt;Aprenem a elaborar Sab\\u00f3 natural PROJECTE DE TALLER ELABORACI\\u00d3 DE SABONS I PERFUMS \\uf0b7 Introducci\\u00f3 La utilitzaci\\u00f3 de sabons i perfums ha estat utilitzada des de temps antics per al [&hellip;]&lt;\/p&gt;\\\\n\",\"url\":\"https:\/\/vidasilvestre.eu\/ca\/event\/taller-aprendiendo-a-elaborar-jabon-natural\/\",\"eventAttendanceMode\":\"https:\/\/schema.org\/OfflineEventAttendanceMode\",\"eventStatus\":\"https:\/\/schema.org\/EventScheduled\",\"startDate\":\"2026-04-25T10:00:00+00:00\",\"endDate\":\"2026-04-25T13:00:00+00:00\",\"performer\":\"Organization\"},{\"@context\":\"http:\/\/schema.org\",\"@type\":\"Event\",\"name\":\"&#8220;FLORA EN EL ENCINAR CARPETANO&#8221;\",\"description\":\"&lt;p&gt;Desde una asociaci\\u00f3n amiga: Ecotono (\\u00a0 ) nos brindan la posibilidad de acceder a esta actividad, que si os interesa deb\\u00e9is comunicaros con ellos, lo lleva Juan un amigo con [&hellip;]&lt;\/p&gt;\\\\n\",\"url\":\"https:\/\/vidasilvestre.eu\/ca\/event\/flora-en-el-encinar-carpetano\/\",\"eventAttendanceMode\":\"https:\/\/schema.org\/OfflineEventAttendanceMode\",\"eventStatus\":\"https:\/\/schema.org\/EventScheduled\",\"startDate\":\"2026-05-16T09:00:00+00:00\",\"endDate\":\"2026-05-16T17:00:00+00:00\",\"performer\":\"Organization\"}]\r\n<\/script>\n\t\t\t<script data-js=\"tribe-events-view-data\" type=\"application\/json\">\n\t{\"slug\":\"widget-events-list\",\"prev_url\":\"\",\"next_url\":\"\",\"view_class\":\"Tribe\\\\Events\\\\Views\\\\V2\\\\Views\\\\Widgets\\\\Widget_List_View\",\"view_slug\":\"widget-events-list\",\"view_label\":\"View\",\"view\":null,\"should_manage_url\":true,\"id\":null,\"alias-slugs\":null,\"title\":\"Esdeveniments de abril 20 \\u2013 maig 16 \\u2013 SOCIEDAD CIENT\\u00cdFICA VIDA SILVESTRE\",\"limit\":\"5\",\"no_upcoming_events\":false,\"featured_events_only\":false,\"jsonld_enable\":true,\"tribe_is_list_widget\":false,\"admin_fields\":{\"title\":{\"label\":\"T\\u00edtol:\",\"type\":\"text\",\"parent_classes\":\"\",\"classes\":\"\",\"dependency\":\"\",\"id\":\"widget-tribe-widget-events-list--1-title\",\"name\":\"widget-tribe-widget-events-list[-1][title]\",\"options\":[],\"placeholder\":\"\",\"value\":null},\"limit\":{\"label\":\"Mostra:\",\"type\":\"number\",\"default\":5,\"min\":1,\"max\":10,\"step\":1,\"parent_classes\":\"\",\"classes\":\"\",\"dependency\":\"\",\"id\":\"widget-tribe-widget-events-list--1-limit\",\"name\":\"widget-tribe-widget-events-list[-1][limit]\",\"options\":[],\"placeholder\":\"\",\"value\":null},\"no_upcoming_events\":{\"label\":\"Oculta aquest giny si no hi ha esdeveniments propers.\",\"type\":\"checkbox\",\"parent_classes\":\"\",\"classes\":\"\",\"dependency\":\"\",\"id\":\"widget-tribe-widget-events-list--1-no_upcoming_events\",\"name\":\"widget-tribe-widget-events-list[-1][no_upcoming_events]\",\"options\":[],\"placeholder\":\"\",\"value\":null},\"featured_events_only\":{\"label\":\"Mostra el giny si hi ha esdeveniments destacats\",\"type\":\"checkbox\",\"parent_classes\":\"\",\"classes\":\"\",\"dependency\":\"\",\"id\":\"widget-tribe-widget-events-list--1-featured_events_only\",\"name\":\"widget-tribe-widget-events-list[-1][featured_events_only]\",\"options\":[],\"placeholder\":\"\",\"value\":null},\"jsonld_enable\":{\"label\":\"Genera les dades JSON-LD\",\"type\":\"checkbox\",\"parent_classes\":\"\",\"classes\":\"\",\"dependency\":\"\",\"id\":\"widget-tribe-widget-events-list--1-jsonld_enable\",\"name\":\"widget-tribe-widget-events-list[-1][jsonld_enable]\",\"options\":[],\"placeholder\":\"\",\"value\":null}},\"events\":[362,369],\"url\":\"https:\\\/\\\/vidasilvestre.eu\\\/ca\\\/?post_type=tribe_events&eventDisplay=widget-events-list\",\"url_event_date\":false,\"bar\":{\"keyword\":\"\",\"date\":\"\"},\"today\":\"2026-04-20 00:00:00\",\"now\":\"2026-04-20 02:39:31\",\"home_url\":\"https:\\\/\\\/vidasilvestre.eu\\\/ca\",\"rest_url\":\"https:\\\/\\\/vidasilvestre.eu\\\/ca\\\/wp-json\\\/tribe\\\/views\\\/v2\\\/html\",\"rest_method\":\"GET\",\"rest_nonce\":\"\",\"today_url\":\"https:\\\/\\\/vidasilvestre.eu\\\/ca\\\/?post_type=tribe_events&eventDisplay=widget-events-list&rest_route=%2Fwp%2Fv2%2Fpages%2F131\",\"today_title\":\"Cliqueu per seleccionar la data d'avui\",\"today_label\":\"Avui\",\"prev_label\":\"\",\"next_label\":\"\",\"date_formats\":{\"compact\":\"n\\\/j\\\/Y\",\"month_and_year_compact\":\"n\\\/j\\\/Y\",\"month_and_year\":\"F Y\",\"time_range_separator\":\" - \",\"date_time_separator\":\" @ \"},\"messages\":[],\"start_of_week\":\"1\",\"header_title\":\"\",\"header_title_element\":\"h1\",\"content_title\":\"\",\"show_content_title\":false,\"breadcrumbs\":[],\"backlink\":false,\"before_events\":\"\",\"after_events\":\"\\n<!--\\nThis calendar is powered by The Events Calendar.\\nhttp:\\\/\\\/evnt.is\\\/18wn\\n-->\\n\",\"display_events_bar\":false,\"disable_event_search\":false,\"live_refresh\":true,\"ical\":{\"display_link\":true,\"link\":{\"url\":\"https:\\\/\\\/vidasilvestre.eu\\\/ca\\\/?post_type=tribe_events&#038;eventDisplay=widget-events-list&#038;ical=1\",\"text\":\"Exporta Esdeveniments\",\"title\":\"Utilitzeu-ho per compartir informaci\\u00f3 del calendari a trav\\u00e9s de Google Calendar, Apple iCal i altres aplicacions compatibles.\"}},\"container_classes\":[\"tribe-common\",\"tribe-events\",\"tribe-events-view\",\"tribe-events-view--widget-events-list\",\"tribe-events-widget\"],\"container_data\":[],\"is_past\":false,\"breakpoints\":{\"xsmall\":500,\"medium\":768,\"full\":960},\"breakpoint_pointer\":\"00e7d8db-450a-4d48-9b08-338fb9795c15\",\"is_initial_load\":false,\"public_views\":{\"list\":{\"view_class\":\"Tribe\\\\Events\\\\Views\\\\V2\\\\Views\\\\List_View\",\"view_url\":\"https:\\\/\\\/vidasilvestre.eu\\\/ca\\\/events\\\/(\\\/?:list|lista)\\\/\",\"view_label\":\"Llista\",\"aria_label\":\"Display Esdeveniments in Llista View\"},\"month\":{\"view_class\":\"Tribe\\\\Events\\\\Views\\\\V2\\\\Views\\\\Month_View\",\"view_url\":\"https:\\\/\\\/vidasilvestre.eu\\\/ca\\\/events\\\/mes\\\/\",\"view_label\":\"Mes\",\"aria_label\":\"Display Esdeveniments in Mes View\"},\"day\":{\"view_class\":\"Tribe\\\\Events\\\\Views\\\\V2\\\\Views\\\\Day_View\",\"view_url\":\"https:\\\/\\\/vidasilvestre.eu\\\/ca\\\/events\\\/(\\\/?:today|hoy)\\\/\",\"view_label\":\"Dia\",\"aria_label\":\"Display Esdeveniments in Dia View\"}},\"show_latest_past\":false,\"past\":false,\"compatibility_classes\":[\"tribe-compatibility-container\"],\"view_more_text\":\"Visualitza el calendari\",\"view_more_title\":\"Visualitza m\\u00e9s esdeveniments.\",\"view_more_link\":\"https:\\\/\\\/vidasilvestre.eu\\\/ca\\\/events\\\/\",\"widget_title\":\"\",\"hide_if_no_upcoming_events\":false,\"display\":[],\"subscribe_links\":{\"gcal\":{\"label\":\"Google Calendar\",\"single_label\":\"Afegeix a Google Calendar\",\"visible\":true,\"block_slug\":\"hasGoogleCalendar\"},\"ical\":{\"label\":\"iCalendar\",\"single_label\":\"Afegeix a iCalendar\",\"visible\":true,\"block_slug\":\"hasiCal\"},\"outlook-365\":{\"label\":\"Outlook 365\",\"single_label\":\"Outlook 365\",\"visible\":true,\"block_slug\":\"hasOutlook365\"},\"outlook-live\":{\"label\":\"Outlook Live\",\"single_label\":\"Outlook Live\",\"visible\":true,\"block_slug\":\"hasOutlookLive\"},\"ics\":{\"label\":\"Exporta el fitxer .ics\",\"single_label\":\"Exporta el fitxer .ics\",\"visible\":true,\"block_slug\":null},\"outlook-ics\":{\"label\":\"Exporta el fitxer .ics d'Outlook\",\"single_label\":\"Exporta el fitxer .ics d'Outlook\",\"visible\":true,\"block_slug\":null}},\"_context\":{\"slug\":\"widget-events-list\"}}<\/script>\n\n\t\t\t\n\t\t\t\n\t\t\t\t<div class=\"tribe-events-widget-events-list__events\">\n\t\t\t\t\t\t\t\t\t\t\t<div  class=\"tribe-common-g-row tribe-events-widget-events-list__event-row\" >\n\n\t<div class=\"tribe-events-widget-events-list__event-date-tag tribe-common-g-col\">\n\t<time class=\"tribe-events-widget-events-list__event-date-tag-datetime\" datetime=\"2026-04-25\">\n\t\t<span class=\"tribe-events-widget-events-list__event-date-tag-month\">\n\t\t\tabr.\t\t<\/span>\n\t\t<span class=\"tribe-events-widget-events-list__event-date-tag-daynum tribe-common-h2 tribe-common-h4--min-medium\">\n\t\t\t25\t\t<\/span>\n\t<\/time>\n<\/div>\n\n\t<div class=\"tribe-events-widget-events-list__event-wrapper tribe-common-g-col\">\n\t\t<article  class=\"tribe-events-widget-events-list__event post-362 tribe_events type-tribe_events status-publish hentry\" >\n\t\t\t<div class=\"tribe-events-widget-events-list__event-details\">\n\n\t\t\t\t<header class=\"tribe-events-widget-events-list__event-header\">\n\t\t\t\t\t<div class=\"tribe-events-widget-events-list__event-datetime-wrapper tribe-common-b2 tribe-common-b3--min-medium\">\n\t\t<time class=\"tribe-events-widget-events-list__event-datetime\" datetime=\"2026-04-25\">\n\t\t<span class=\"tribe-event-date-start\">10:00 am<\/span> &#8211; <span class=\"tribe-event-time\">1:00 pm<\/span>\t<\/time>\n\t<\/div>\n\t\t\t\t\t<h3 class=\"tribe-events-widget-events-list__event-title tribe-common-h7\">\n\t<a\n\t\thref=\"https:\/\/vidasilvestre.eu\/ca\/event\/taller-aprendiendo-a-elaborar-jabon-natural\/\"\n\t\ttitle=\"Taller: Aprendiendo a elaborar jab\u00f3n natural\"\n\t\trel=\"bookmark\"\n\t\tclass=\"tribe-events-widget-events-list__event-title-link tribe-common-anchor-thin\"\n\t>\n\t\tTaller: Aprendiendo a elaborar jab\u00f3n natural\t<\/a>\n<\/h3>\n\t\t\t\t<\/header>\n\n\t\t\t\t\n\t\t\t<\/div>\n\t\t<\/article>\n\t<\/div>\n\n<\/div>\n\t\t\t\t\t\t\t\t\t\t\t<div  class=\"tribe-common-g-row tribe-events-widget-events-list__event-row\" >\n\n\t<div class=\"tribe-events-widget-events-list__event-date-tag tribe-common-g-col\">\n\t<time class=\"tribe-events-widget-events-list__event-date-tag-datetime\" datetime=\"2026-05-16\">\n\t\t<span class=\"tribe-events-widget-events-list__event-date-tag-month\">\n\t\t\tmaig\t\t<\/span>\n\t\t<span class=\"tribe-events-widget-events-list__event-date-tag-daynum tribe-common-h2 tribe-common-h4--min-medium\">\n\t\t\t16\t\t<\/span>\n\t<\/time>\n<\/div>\n\n\t<div class=\"tribe-events-widget-events-list__event-wrapper tribe-common-g-col\">\n\t\t<article  class=\"tribe-events-widget-events-list__event post-369 tribe_events type-tribe_events status-publish hentry\" >\n\t\t\t<div class=\"tribe-events-widget-events-list__event-details\">\n\n\t\t\t\t<header class=\"tribe-events-widget-events-list__event-header\">\n\t\t\t\t\t<div class=\"tribe-events-widget-events-list__event-datetime-wrapper tribe-common-b2 tribe-common-b3--min-medium\">\n\t\t<time class=\"tribe-events-widget-events-list__event-datetime\" datetime=\"2026-05-16\">\n\t\t<span class=\"tribe-event-date-start\">9:00 am<\/span> &#8211; <span class=\"tribe-event-time\">5:00 pm<\/span>\t<\/time>\n\t<\/div>\n\t\t\t\t\t<h3 class=\"tribe-events-widget-events-list__event-title tribe-common-h7\">\n\t<a\n\t\thref=\"https:\/\/vidasilvestre.eu\/ca\/event\/flora-en-el-encinar-carpetano\/\"\n\t\ttitle=\"&#8220;FLORA EN EL ENCINAR CARPETANO&#8221;\"\n\t\trel=\"bookmark\"\n\t\tclass=\"tribe-events-widget-events-list__event-title-link tribe-common-anchor-thin\"\n\t>\n\t\t&#8220;FLORA EN EL ENCINAR CARPETANO&#8221;\t<\/a>\n<\/h3>\n\t\t\t\t<\/header>\n\n\t\t\t\t\n\t\t\t<\/div>\n\t\t<\/article>\n\t<\/div>\n\n<\/div>\n\t\t\t\t\t\t\t\t\t<\/div>\n\n\t\t\t\t<div class=\"tribe-events-widget-events-list__view-more tribe-common-b1 tribe-common-b2--min-medium\">\n\t<a\n\t\thref=\"https:\/\/vidasilvestre.eu\/ca\/events\/\"\n\t\tclass=\"tribe-events-widget-events-list__view-more-link tribe-common-anchor-thin\"\n\t\ttitle=\"Visualitza m\u00e9s esdeveniments.\"\n\t>\n\t\tVisualitza el calendari\t<\/a>\n<\/div>\n\n\t\t\t\t\t<\/div>\n\t<\/div>\n<\/div>\n<script data-js='tribe-events-view-nonce-data' type='application\/json'>{\"tvn1\":\"225fda3138\",\"tvn2\":\"\"}<\/script>\n","protected":false},"excerpt":{"rendered":"<p>Actualidad Pr\u00f3ximos eventos<\/p>","protected":false},"author":1,"featured_media":0,"parent":0,"menu_order":0,"comment_status":"closed","ping_status":"closed","template":"","meta":{"_price":"","_stock":"","_tribe_ticket_header":"","_tribe_default_ticket_provider":"","_tribe_ticket_capacity":"0","_ticket_start_date":"","_ticket_end_date":"","_tribe_ticket_show_description":"","_tribe_ticket_show_not_going":false,"_tribe_ticket_use_global_stock":"","_tribe_ticket_global_stock_level":"","_global_stock_mode":"","_global_stock_cap":"","_tribe_rsvp_for_event":"","_tribe_ticket_going_count":"","_tribe_ticket_not_going_count":"","_tribe_tickets_list":"[]","_tribe_ticket_has_attendee_info_fields":false,"footnotes":"","_tec_slr_enabled":"","_tec_slr_layout":""},"class_list":["post-131","page","type-page","status-publish","hentry"],"ticketed":false,"_links":{"self":[{"href":"https:\/\/vidasilvestre.eu\/ca\/wp-json\/wp\/v2\/pages\/131","targetHints":{"allow":["GET"]}}],"collection":[{"href":"https:\/\/vidasilvestre.eu\/ca\/wp-json\/wp\/v2\/pages"}],"about":[{"href":"https:\/\/vidasilvestre.eu\/ca\/wp-json\/wp\/v2\/types\/page"}],"author":[{"embeddable":true,"href":"https:\/\/vidasilvestre.eu\/ca\/wp-json\/wp\/v2\/users\/1"}],"replies":[{"embeddable":true,"href":"https:\/\/vidasilvestre.eu\/ca\/wp-json\/wp\/v2\/comments?post=131"}],"version-history":[{"count":11,"href":"https:\/\/vidasilvestre.eu\/ca\/wp-json\/wp\/v2\/pages\/131\/revisions"}],"predecessor-version":[{"id":204,"href":"https:\/\/vidasilvestre.eu\/ca\/wp-json\/wp\/v2\/pages\/131\/revisions\/204"}],"wp:attachment":[{"href":"https:\/\/vidasilvestre.eu\/ca\/wp-json\/wp\/v2\/media?parent=131"}],"curies":[{"name":"wp","href":"https:\/\/api.w.org\/{rel}","templated":true}]}}