{"id":120,"date":"2026-02-16T19:18:12","date_gmt":"2026-02-16T19:18:12","guid":{"rendered":"https:\/\/vidasilvestre.eu\/?page_id=120"},"modified":"2026-02-16T20:40:26","modified_gmt":"2026-02-16T20:40:26","slug":"actualidad","status":"publish","type":"page","link":"https:\/\/vidasilvestre.eu\/ca\/actualidad\/","title":{"rendered":"Actualidad"},"content":{"rendered":"<ul superb-addons-animation=\"fadeIn\" style=\"color:#007a4d;opacity: 0;\" class=\"wp-block-latest-posts__list has-link-color wp-elements-91171bd0729ed34918305f246067d4bb wp-block-latest-posts has-text-color has-medium-font-size\"><li><a class=\"wp-block-latest-posts__post-title\" href=\"https:\/\/vidasilvestre.eu\/ca\/uncategorized\/pels-camins-de-laigua-ram-reial-sequia-de-moncada\/\">PELS CAMINS DE L\u00b4AIGUA, RAM REIAL S\u00c9QUIA DE MONCADA<\/a><div class=\"wp-block-latest-posts__post-excerpt\">Ruta de la Real Acequia de Moncada nos encant\u00f3 escuchar a Ricard y a Valentin. moncadadigital.com\/la-primera-ruta-per-la-reial-sequia-de-moncada-desborda-totes-les-previsions\/?fbclid=IwY2xjawQ3gmFleHRuA2FlbQIxMQBicmlkETFMMVpGN2I4UTJ0b1daMWNRc3J0YwZhcHBfaWQQMjIyMDM5MTc4ODIwMDg5MgABHg6aZeF4vdiehHNBDlFd0_6xJir3thhQlLIxS-b70ZAsraeHGM3IYAcGcZ7P_aem_cYHfglv0_EQD3PIqXdQD9g<\/div><\/li>\n<li><div class=\"wp-block-latest-posts__featured-image\"><img loading=\"lazy\" decoding=\"async\" width=\"300\" height=\"169\" src=\"https:\/\/vidasilvestre.eu\/wp-content\/uploads\/2026\/02\/IMG_20260204_010355-300x169.webp\" class=\"attachment-medium size-medium wp-post-image\" alt=\"\" style=\"\" srcset=\"https:\/\/vidasilvestre.eu\/wp-content\/uploads\/2026\/02\/IMG_20260204_010355-300x169.webp 300w, https:\/\/vidasilvestre.eu\/wp-content\/uploads\/2026\/02\/IMG_20260204_010355-768x431.webp 768w, https:\/\/vidasilvestre.eu\/wp-content\/uploads\/2026\/02\/IMG_20260204_010355.webp 890w\" sizes=\"auto, (max-width: 300px) 100vw, 300px\" \/><\/div><a class=\"wp-block-latest-posts__post-title\" href=\"https:\/\/vidasilvestre.eu\/ca\/uncategorized\/lalumnat-de-moncada-sembra-futur-pel-dia-de-larbre-de-la-comunitat-valenciana\/\">L\u2019alumnat de Moncada sembra futur pel Dia de l\u2019Arbre de la Comunitat Valenciana<\/a><div class=\"wp-block-latest-posts__post-excerpt\">L\u2019Associaci\u00f3 Cient\u00edfica Vida Silvestre de Moncada ha desenvolupat un cicle de tallers escolars de plantaci\u00f3 d\u2019esp\u00e8cies tradicionals als horts educatius del municipi<\/div><\/li>\n<li><div class=\"wp-block-latest-posts__featured-image\"><img loading=\"lazy\" decoding=\"async\" width=\"300\" height=\"135\" src=\"https:\/\/vidasilvestre.eu\/wp-content\/uploads\/2025\/10\/62aec9ab-f4ae-4d7a-a45b-e666d3f86783-300x135.jpg\" class=\"attachment-medium size-medium wp-post-image\" alt=\"Visita al Parc de la Natura\" style=\"\" srcset=\"https:\/\/vidasilvestre.eu\/wp-content\/uploads\/2025\/10\/62aec9ab-f4ae-4d7a-a45b-e666d3f86783-300x135.jpg 300w, https:\/\/vidasilvestre.eu\/wp-content\/uploads\/2025\/10\/62aec9ab-f4ae-4d7a-a45b-e666d3f86783-1024x461.jpg 1024w, https:\/\/vidasilvestre.eu\/wp-content\/uploads\/2025\/10\/62aec9ab-f4ae-4d7a-a45b-e666d3f86783-768x345.jpg 768w, https:\/\/vidasilvestre.eu\/wp-content\/uploads\/2025\/10\/62aec9ab-f4ae-4d7a-a45b-e666d3f86783-1536x691.jpg 1536w, https:\/\/vidasilvestre.eu\/wp-content\/uploads\/2025\/10\/62aec9ab-f4ae-4d7a-a45b-e666d3f86783.jpg 2048w\" sizes=\"auto, (max-width: 300px) 100vw, 300px\" \/><\/div><a class=\"wp-block-latest-posts__post-title\" href=\"https:\/\/vidasilvestre.eu\/ca\/uncategorized\/visita-educativa-parc-natura-vida-silvestre\/\">Visita educativa al Parc de la Natura de l\u2019Associaci\u00f3 Cient\u00edfica Vida Silvestre<\/a><div class=\"wp-block-latest-posts__post-excerpt\">L\u2019associaci\u00f3 Vida Silvestre va celebrar el dia de l\u2019arbre amb una visita educativa al seu Parc de la Natura, en una jornada que va reunir socis, simpatitzants i amics en una experi\u00e8ncia de conviv\u00e8ncia, aprenentatge i contacte directe amb el medi natural. <\/div><\/li>\n<\/ul>","protected":false},"excerpt":{"rendered":"","protected":false},"author":1,"featured_media":0,"parent":0,"menu_order":0,"comment_status":"closed","ping_status":"closed","template":"","meta":{"_price":"","_stock":"","_tribe_ticket_header":"","_tribe_default_ticket_provider":"","_tribe_ticket_capacity":"0","_ticket_start_date":"","_ticket_end_date":"","_tribe_ticket_show_description":"","_tribe_ticket_show_not_going":false,"_tribe_ticket_use_global_stock":"","_tribe_ticket_global_stock_level":"","_global_stock_mode":"","_global_stock_cap":"","_tribe_rsvp_for_event":"","_tribe_ticket_going_count":"","_tribe_ticket_not_going_count":"","_tribe_tickets_list":"[]","_tribe_ticket_has_attendee_info_fields":false,"footnotes":"","_tec_slr_enabled":"","_tec_slr_layout":""},"class_list":["post-120","page","type-page","status-publish","hentry"],"ticketed":false,"_links":{"self":[{"href":"https:\/\/vidasilvestre.eu\/ca\/wp-json\/wp\/v2\/pages\/120","targetHints":{"allow":["GET"]}}],"collection":[{"href":"https:\/\/vidasilvestre.eu\/ca\/wp-json\/wp\/v2\/pages"}],"about":[{"href":"https:\/\/vidasilvestre.eu\/ca\/wp-json\/wp\/v2\/types\/page"}],"author":[{"embeddable":true,"href":"https:\/\/vidasilvestre.eu\/ca\/wp-json\/wp\/v2\/users\/1"}],"replies":[{"embeddable":true,"href":"https:\/\/vidasilvestre.eu\/ca\/wp-json\/wp\/v2\/comments?post=120"}],"version-history":[{"count":2,"href":"https:\/\/vidasilvestre.eu\/ca\/wp-json\/wp\/v2\/pages\/120\/revisions"}],"predecessor-version":[{"id":185,"href":"https:\/\/vidasilvestre.eu\/ca\/wp-json\/wp\/v2\/pages\/120\/revisions\/185"}],"wp:attachment":[{"href":"https:\/\/vidasilvestre.eu\/ca\/wp-json\/wp\/v2\/media?parent=120"}],"curies":[{"name":"wp","href":"https:\/\/api.w.org\/{rel}","templated":true}]}}